{"id":13,"date":"2018-05-25T11:13:52","date_gmt":"2018-05-25T11:13:52","guid":{"rendered":"https:\/\/synergiecb.com\/home\/"},"modified":"2024-09-23T09:28:20","modified_gmt":"2024-09-23T13:28:20","slug":"home","status":"publish","type":"page","link":"https:\/\/synergiecb.com\/fr\/","title":{"rendered":"Home"},"content":{"rendered":"\t\t<div data-elementor-type=\"wp-post\" data-elementor-id=\"13\" class=\"elementor elementor-13\" data-elementor-post-type=\"page\">\n\t\t\t\t\t\t<section class=\"elementor-section elementor-top-section elementor-element elementor-element-2af006c8 elementor-reverse-mobile elementor-section-height-full elementor-section-boxed elementor-section-height-default elementor-section-items-middle\" data-id=\"2af006c8\" data-element_type=\"section\" data-e-type=\"section\" data-settings=\"{&quot;background_background&quot;:&quot;classic&quot;}\">\n\t\t\t\t\t\t\t<div class=\"elementor-background-overlay\"><\/div>\n\t\t\t\t\t\t\t<div class=\"elementor-container elementor-column-gap-no\">\n\t\t\t\t\t<div class=\"elementor-column elementor-col-100 elementor-top-column elementor-element elementor-element-33feb6a\" data-id=\"33feb6a\" data-element_type=\"column\" data-e-type=\"column\">\n\t\t\t<div class=\"elementor-widget-wrap elementor-element-populated\">\n\t\t\t\t\t\t<div class=\"elementor-element elementor-element-20217e7f elementor-widget elementor-widget-heading\" data-id=\"20217e7f\" data-element_type=\"widget\" data-e-type=\"widget\" data-widget_type=\"heading.default\">\n\t\t\t\t<div class=\"elementor-widget-container\">\n\t\t\t\t\t<h1 class=\"elementor-heading-title elementor-size-xl\">Services comptables &amp; fiscaux<\/h1>\t\t\t\t<\/div>\n\t\t\t\t<\/div>\n\t\t\t\t<div class=\"elementor-element elementor-element-7260a6a8 elementor-widget elementor-widget-text-editor\" data-id=\"7260a6a8\" data-element_type=\"widget\" data-e-type=\"widget\" data-widget_type=\"text-editor.default\">\n\t\t\t\t<div class=\"elementor-widget-container\">\n\t\t\t\t\t\t\t\t\tSynergie CB inc. est un cabinet de services conseils fond\u00e9 en 2021 par St\u00e9phane Cadorette, M.Sc. CPA auditeur et Catherine Bergeron, CPA, MBA, Fiscaliste dont la raison d\u2019\u00eatre est d\u2019offrir un service multidisciplinaire aux entreprises de petite et moyenne taille.\t\t\t\t\t\t\t\t<\/div>\n\t\t\t\t<\/div>\n\t\t\t\t<div class=\"elementor-element elementor-element-593db61 elementor-widget__width-inherit elementor-widget elementor-widget-text-editor\" data-id=\"593db61\" data-element_type=\"widget\" data-e-type=\"widget\" data-widget_type=\"text-editor.default\">\n\t\t\t\t<div class=\"elementor-widget-container\">\n\t\t\t\t\t\t\t\t\t\u00ab Notre mission est de rendre les services comptables et fiscaux plus accessibles et humains en permettant \u00e0 tous les entrepreneurs, peu importe la taille ou le cycle de vie de leur entreprise, de b\u00e9n\u00e9ficier d\u2019un encadrement complet pour la r\u00e9alisation de leurs objectifs financiers. \u00bb\t\t\t\t\t\t\t\t<\/div>\n\t\t\t\t<\/div>\n\t\t\t\t<div class=\"elementor-element elementor-element-0791512 elementor-widget__width-inherit elementor-widget elementor-widget-text-editor\" data-id=\"0791512\" data-element_type=\"widget\" data-e-type=\"widget\" id=\"Fondateurs\" data-widget_type=\"text-editor.default\">\n\t\t\t\t<div class=\"elementor-widget-container\">\n\t\t\t\t\t\t\t\t\t<div><span lang=\"FR-CA\">Notre cabinet se veut un bras droit en affaires pour chacun de nos clients, afin de les assister dans leurs besoins de conformit\u00e9 comptable et fiscale annuelle ainsi que dans chacun de leurs projets d\u2019affaires. Synergie CB a \u00e0 c\u0153ur de vous accompagner dans chacune de vos d\u00e9cisions d\u2019affaires et de s\u2019assurer que votre structure fiscale r\u00e9pond \u00e0 vos besoins.<\/span><\/div>\t\t\t\t\t\t\t\t<\/div>\n\t\t\t\t<\/div>\n\t\t\t\t\t<\/div>\n\t\t<\/div>\n\t\t\t\t\t<\/div>\n\t\t<\/section>\n\t\t\t\t<section class=\"elementor-section elementor-top-section elementor-element elementor-element-666cc94 elementor-section-full_width elementor-section-height-default elementor-section-height-default\" data-id=\"666cc94\" data-element_type=\"section\" data-e-type=\"section\">\n\t\t\t\t\t\t<div class=\"elementor-container elementor-column-gap-default\">\n\t\t\t\t\t<div class=\"elementor-column elementor-col-50 elementor-top-column elementor-element elementor-element-0f32d97\" data-id=\"0f32d97\" data-element_type=\"column\" data-e-type=\"column\">\n\t\t\t<div class=\"elementor-widget-wrap\">\n\t\t\t\t\t\t\t<\/div>\n\t\t<\/div>\n\t\t\t\t<div class=\"elementor-column elementor-col-50 elementor-top-column elementor-element elementor-element-a802129\" data-id=\"a802129\" data-element_type=\"column\" data-e-type=\"column\">\n\t\t\t<div class=\"elementor-widget-wrap elementor-element-populated\">\n\t\t\t\t\t\t<section class=\"elementor-section elementor-inner-section elementor-element elementor-element-ba6f7d1 elementor-section-full_width elementor-section-content-middle elementor-section-height-default elementor-section-height-default\" data-id=\"ba6f7d1\" data-element_type=\"section\" data-e-type=\"section\">\n\t\t\t\t\t\t<div class=\"elementor-container elementor-column-gap-default\">\n\t\t\t\t\t<div class=\"elementor-column elementor-col-50 elementor-inner-column elementor-element elementor-element-a230255\" data-id=\"a230255\" data-element_type=\"column\" data-e-type=\"column\" data-settings=\"{&quot;background_background&quot;:&quot;classic&quot;}\">\n\t\t\t<div class=\"elementor-widget-wrap elementor-element-populated\">\n\t\t\t\t\t\t<div class=\"elementor-element elementor-element-753f612 elementor-absolute elementor-widget elementor-widget-uael-infobox\" data-id=\"753f612\" data-element_type=\"widget\" data-e-type=\"widget\" data-settings=\"{&quot;_position&quot;:&quot;absolute&quot;}\" data-widget_type=\"uael-infobox.default\">\n\t\t\t\t<div class=\"elementor-widget-container\">\n\t\t\t\t\t\n<div class=\"uael-module-content uael-infobox uael-imgicon-style-normal  uael-infobox-left  infobox-has-photo uael-infobox-photo-above-title  uael-infobox-link-type-none\">\n\t<div class=\"uael-infobox-left-right-wrap\">\n\t\t\t\t\t\t<div class=\"uael-infobox-content\">\n\t\t\t\t\t\t\t<div class=\"uael-module-content uael-imgicon-wrap \">\t\t\t\t\t\t\t\t\t\t\t\n\t\t\t\t\t\t\t\t\t\t\t\t\t\t\t\t<div class=\"uael-image\" itemscope itemtype=\"http:\/\/schema.org\/ImageObject\">\n\t\t\t\t\t\t\t<div class=\"uael-image-content elementor-animation- \">\n\t\t\t\t\t\t\t\t<img fetchpriority=\"high\" decoding=\"async\" width=\"518\" height=\"601\" src=\"https:\/\/synergiecb.com\/wp-content\/uploads\/2023\/10\/SCB_LogoSymbole_OrangeDegrade_RGB.jpg\" class=\"attachment-full size-full wp-image-1473\" alt=\"\" srcset=\"https:\/\/synergiecb.com\/wp-content\/uploads\/2023\/10\/SCB_LogoSymbole_OrangeDegrade_RGB.jpg 518w, https:\/\/synergiecb.com\/wp-content\/uploads\/2023\/10\/SCB_LogoSymbole_OrangeDegrade_RGB-259x300.jpg 259w, https:\/\/synergiecb.com\/wp-content\/uploads\/2023\/10\/SCB_LogoSymbole_OrangeDegrade_RGB-10x12.jpg 10w\" sizes=\"(max-width: 518px) 100vw, 518px\" \/>\t\t\t\t\t\t\t<\/div>\n\t\t\t\t\t\t<\/div>\n\n\t\t\t\t\t\t\t\t\t<\/div>\n\t\t\t\t\t\t\t<div class='uael-infobox-title-wrap'><h3 class=\"uael-infobox-title elementor-inline-editing\" data-elementor-setting-key=\"infobox_title\" data-elementor-inline-editing-toolbar=\"basic\" >FONDATEURS<\/h3><\/div>\t\t\t\t\t\t\t\t\t<div class=\"uael-infobox-text-wrap\">\n\t\t\t\t<div class=\"uael-infobox-text elementor-inline-editing\" data-elementor-setting-key=\"infobox_description\" data-elementor-inline-editing-toolbar=\"advanced\">\n\t\t\t\t\t\t\t\t\t<\/div>\n\t\t\t\t\t\n\t\t\t\t\t\t\t<\/div>\n\t\t<\/div>\n\t\t\t<\/div>\n<\/div>\n\t\t\t\t<\/div>\n\t\t\t\t<\/div>\n\t\t\t\t\t<\/div>\n\t\t<\/div>\n\t\t\t\t<div class=\"elementor-column elementor-col-50 elementor-inner-column elementor-element elementor-element-efa0397\" data-id=\"efa0397\" data-element_type=\"column\" data-e-type=\"column\" data-settings=\"{&quot;background_background&quot;:&quot;classic&quot;}\">\n\t\t\t<div class=\"elementor-widget-wrap elementor-element-populated\">\n\t\t\t\t\t\t<div class=\"elementor-element elementor-element-8c9b3d9 elementor-widget elementor-widget-image\" data-id=\"8c9b3d9\" data-element_type=\"widget\" data-e-type=\"widget\" data-widget_type=\"image.default\">\n\t\t\t\t<div class=\"elementor-widget-container\">\n\t\t\t\t\t\t\t\t\t\t\t\t\t\t\t<img decoding=\"async\" width=\"1080\" height=\"719\" src=\"https:\/\/synergiecb.com\/wp-content\/uploads\/2023\/04\/Portraits_SynergieCB9085.jpg\" class=\"attachment-full size-full wp-image-1198\" alt=\"\" srcset=\"https:\/\/synergiecb.com\/wp-content\/uploads\/2023\/04\/Portraits_SynergieCB9085.jpg 1080w, https:\/\/synergiecb.com\/wp-content\/uploads\/2023\/04\/Portraits_SynergieCB9085-300x200.jpg 300w, https:\/\/synergiecb.com\/wp-content\/uploads\/2023\/04\/Portraits_SynergieCB9085-1024x682.jpg 1024w, https:\/\/synergiecb.com\/wp-content\/uploads\/2023\/04\/Portraits_SynergieCB9085-768x511.jpg 768w, https:\/\/synergiecb.com\/wp-content\/uploads\/2023\/04\/Portraits_SynergieCB9085-18x12.jpg 18w\" sizes=\"(max-width: 1080px) 100vw, 1080px\" \/>\t\t\t\t\t\t\t\t\t\t\t\t\t\t\t<\/div>\n\t\t\t\t<\/div>\n\t\t\t\t<div class=\"elementor-element elementor-element-b54c699 elementor-widget elementor-widget-uael-infobox\" data-id=\"b54c699\" data-element_type=\"widget\" data-e-type=\"widget\" data-widget_type=\"uael-infobox.default\">\n\t\t\t\t<div class=\"elementor-widget-container\">\n\t\t\t\t\t\n<div class=\"uael-module-content uael-infobox  uael-infobox-left  uael-infobox-link-type-none\">\n\t<div class=\"uael-infobox-left-right-wrap\">\n\t\t\t\t\t\t<div class=\"uael-infobox-content\">\n\t\t\t\t\t\t<div class='uael-infobox-title-wrap'><h3 class=\"uael-infobox-title elementor-inline-editing\" data-elementor-setting-key=\"infobox_title\" data-elementor-inline-editing-toolbar=\"basic\" >Catherine Bergeron<\/h3><\/div>\t\t\t\t\t\t<div class=\"uael-separator-parent\">\n\t\t\t\t<div class=\"uael-separator\"><\/div>\n\t\t\t<\/div>\n\t\t\t\t\t\t\t\t\t<div class=\"uael-infobox-text-wrap\">\n\t\t\t\t<div class=\"uael-infobox-text elementor-inline-editing\" data-elementor-setting-key=\"infobox_description\" data-elementor-inline-editing-toolbar=\"advanced\">\n\t\t\t\t\t<p>Co-Fondatrice de la firme Synergie CB Inc., Catherine y \u0153uvre \u00e0 titre de comptable fiscaliste afin de vous guider dans chacun de vos projets d\u2019affaires, quels qu\u2019en soient l\u2019envergure. <\/p>\n\n<p>Elle est membre de l\u2019Ordre des comptables professionnels agr\u00e9\u00e9s et son parcours acad\u00e9mique cumule un Baccalaur\u00e9at en sciences comptables et une Ma\u00eetrise en administration des affaires \u2013 Universit\u00e9 du Qu\u00e9bec \u00e0 Trois-Rivi\u00e8res, ainsi qu\u2019un DESS en fiscalit\u00e9 \u2013 Universit\u00e9 de Sherbrooke. <\/p>\n\n<p>Au cours des 10 derni\u00e8res ann\u00e9es, elle a pratiqu\u00e9 la fiscalit\u00e9 au sein de cabinets comptables de grande et moyenne envergure afin de d\u00e9velopper une solide expertise qu\u2019elle met d\u00e9sormais au profit de sa client\u00e8le. Ses champs d\u2019expertise vont de l\u2019assistance dans le cadre de r\u00e9organisation corporative, que cela soit dans un but d\u2019optimisation fiscale ou de transactions de vente, d\u2019achat ou d\u2019int\u00e9gration de la rel\u00e8ve, ou de tout autre sujet fiscal touchant les entrepreneurs.<\/p>\n\n<p>De plus, elle a su d\u00e9velopper une expertise en mati\u00e8re de planification successorale et testamentaire, d\u2019imp\u00f4t au d\u00e9c\u00e8s, de r\u00e8glement de succession afin d\u2019accompagner ses clients jusqu\u2019\u00e0 la remise ultime de leur patrimoine \u00e0 leur h\u00e9ritiers.<\/p>\n\t\t\t\t<\/div>\n\t\t\t\t\t\n\t\t\t\t\t\t\t<\/div>\n\t\t<\/div>\n\t\t\t<\/div>\n<\/div>\n\t\t\t\t<\/div>\n\t\t\t\t<\/div>\n\t\t\t\t<div class=\"elementor-element elementor-element-20d6861 elementor-widget elementor-widget-uael-infobox\" data-id=\"20d6861\" data-element_type=\"widget\" data-e-type=\"widget\" data-widget_type=\"uael-infobox.default\">\n\t\t\t\t<div class=\"elementor-widget-container\">\n\t\t\t\t\t\n<div class=\"uael-module-content uael-infobox  uael-infobox-left  uael-infobox-link-type-none\">\n\t<div class=\"uael-infobox-left-right-wrap\">\n\t\t\t\t\t\t<div class=\"uael-infobox-content\">\n\t\t\t\t\t\t<div class='uael-infobox-title-wrap'><h3 class=\"uael-infobox-title elementor-inline-editing\" data-elementor-setting-key=\"infobox_title\" data-elementor-inline-editing-toolbar=\"basic\" >St\u00e9phane Cadorette<\/h3><\/div>\t\t\t\t\t\t<div class=\"uael-separator-parent\">\n\t\t\t\t<div class=\"uael-separator\"><\/div>\n\t\t\t<\/div>\n\t\t\t\t\t\t\t\t\t<div class=\"uael-infobox-text-wrap\">\n\t\t\t\t<div class=\"uael-infobox-text elementor-inline-editing\" data-elementor-setting-key=\"infobox_description\" data-elementor-inline-editing-toolbar=\"advanced\">\n\t\t\t\t\t<p>\u00c0 titre de Co-Fondateur de la firme Synergie CB Inc., St\u00e9phane a su d\u00e9velopper une expertise aupr\u00e8s des entreprises de petite et moyenne envergure depuis plus de 10 ans et \u0153uvre au sein d\u2019une client\u00e8le diversifi\u00e9e.<\/p>\n\n<p>Membre de l\u2019Ordre des CPA, il est \u00e9galement d\u00e9tenteur d\u2019une maitrise en science de la gestion obtenue aupr\u00e8s de HEC Montr\u00e9al, ce qui lui permet d\u2019accompagner les entrepreneurs dans leur divers projets et d\u00e9cisions d\u2019affaires.<\/p>\n\n<p>En plus d\u2019offrir des services de certification et de fiscalit\u00e9 aux PME et OSBL, il excelle dans l\u2019art de cibler les besoins des clients et de leur proposer des conseils personnalis\u00e9s. Il peut couvrir le cycle comptable complet et assister les entrepreneurs dans leur gestion interne.<\/p> \n\n<p>Avant de devenir associ\u00e9 de Synergie CB Inc., St\u00e9phane \u00e9tait directeur principal au sein d\u2019un cabinet comptable de moyenne envergure o\u00f9 il a conseillers des clients de plusieurs industries diff\u00e9rentes. Cela lui a permis de solidifier son expertise en mati\u00e8re d\u2019analyse des contr\u00f4les internes, d\u2019\u00e9valuation d\u2019entreprises et de pr\u00e9paration de pr\u00e9visions financi\u00e8res dans le cadre de recherche de financement.<\/p>\n\n<p>Rigoureux, assidu et disponible, il apporte un vent de fraicheur \u00e0 la client\u00e8le avec des id\u00e9es nouvelles et innovantes.<\/p>\n\t\t\t\t<\/div>\n\t\t\t\t\t\n\t\t\t\t\t\t\t<\/div>\n\t\t<\/div>\n\t\t\t<\/div>\n<\/div>\n\t\t\t\t<\/div>\n\t\t\t\t<\/div>\n\t\t\t\t\t<\/div>\n\t\t<\/div>\n\t\t\t\t\t<\/div>\n\t\t<\/section>\n\t\t\t\t\t<\/div>\n\t\t<\/div>\n\t\t\t\t\t<\/div>\n\t\t<\/section>\n\t\t\t\t<\/div>\n\t\t","protected":false},"excerpt":{"rendered":"<p>Services comptables &amp; fiscaux Synergie CB inc. est un cabinet de services conseils fond\u00e9 en 2021 par St\u00e9phane Cadorette, M.Sc. CPA auditeur et Catherine Bergeron, CPA, MBA, Fiscaliste dont la raison d\u2019\u00eatre est d\u2019offrir un service multidisciplinaire aux entreprises de petite et moyenne taille.\u00ab Notre mission est de rendre les services comptables et fiscaux plus [&hellip;]<\/p>\n","protected":false},"author":1,"featured_media":0,"parent":0,"menu_order":0,"comment_status":"closed","ping_status":"closed","template":"","meta":{"site-sidebar-layout":"no-sidebar","site-content-layout":"page-builder","ast-site-content-layout":"default","site-content-style":"default","site-sidebar-style":"default","ast-global-header-display":"","ast-banner-title-visibility":"","ast-main-header-display":"","ast-hfb-above-header-display":"","ast-hfb-below-header-display":"","ast-hfb-mobile-header-display":"","site-post-title":"disabled","ast-breadcrumbs-content":"","ast-featured-img":"disabled","footer-sml-layout":"","ast-disable-related-posts":"","theme-transparent-header-meta":"","adv-header-id-meta":"","stick-header-meta":"default","header-above-stick-meta":"","header-main-stick-meta":"","header-below-stick-meta":"","astra-migrate-meta-layouts":"default","ast-page-background-enabled":"default","ast-page-background-meta":{"desktop":{"background-color":"","background-image":"","background-repeat":"repeat","background-position":"center center","background-size":"auto","background-attachment":"scroll","background-type":"","background-media":"","overlay-type":"","overlay-color":"","overlay-opacity":"","overlay-gradient":""},"tablet":{"background-color":"","background-image":"","background-repeat":"repeat","background-position":"center center","background-size":"auto","background-attachment":"scroll","background-type":"","background-media":"","overlay-type":"","overlay-color":"","overlay-opacity":"","overlay-gradient":""},"mobile":{"background-color":"","background-image":"","background-repeat":"repeat","background-position":"center center","background-size":"auto","background-attachment":"scroll","background-type":"","background-media":"","overlay-type":"","overlay-color":"","overlay-opacity":"","overlay-gradient":""}},"ast-content-background-meta":{"desktop":{"background-color":"var(--ast-global-color-5)","background-image":"","background-repeat":"repeat","background-position":"center center","background-size":"auto","background-attachment":"scroll","background-type":"","background-media":"","overlay-type":"","overlay-color":"","overlay-opacity":"","overlay-gradient":""},"tablet":{"background-color":"var(--ast-global-color-5)","background-image":"","background-repeat":"repeat","background-position":"center center","background-size":"auto","background-attachment":"scroll","background-type":"","background-media":"","overlay-type":"","overlay-color":"","overlay-opacity":"","overlay-gradient":""},"mobile":{"background-color":"var(--ast-global-color-5)","background-image":"","background-repeat":"repeat","background-position":"center center","background-size":"auto","background-attachment":"scroll","background-type":"","background-media":"","overlay-type":"","overlay-color":"","overlay-opacity":"","overlay-gradient":""}},"footnotes":""},"class_list":["post-13","page","type-page","status-publish","hentry"],"_links":{"self":[{"href":"https:\/\/synergiecb.com\/fr\/wp-json\/wp\/v2\/pages\/13","targetHints":{"allow":["GET"]}}],"collection":[{"href":"https:\/\/synergiecb.com\/fr\/wp-json\/wp\/v2\/pages"}],"about":[{"href":"https:\/\/synergiecb.com\/fr\/wp-json\/wp\/v2\/types\/page"}],"author":[{"embeddable":true,"href":"https:\/\/synergiecb.com\/fr\/wp-json\/wp\/v2\/users\/1"}],"replies":[{"embeddable":true,"href":"https:\/\/synergiecb.com\/fr\/wp-json\/wp\/v2\/comments?post=13"}],"version-history":[{"count":160,"href":"https:\/\/synergiecb.com\/fr\/wp-json\/wp\/v2\/pages\/13\/revisions"}],"predecessor-version":[{"id":1513,"href":"https:\/\/synergiecb.com\/fr\/wp-json\/wp\/v2\/pages\/13\/revisions\/1513"}],"wp:attachment":[{"href":"https:\/\/synergiecb.com\/fr\/wp-json\/wp\/v2\/media?parent=13"}],"curies":[{"name":"wp","href":"https:\/\/api.w.org\/{rel}","templated":true}]}}